{"id":531,"date":"2018-11-26T12:46:44","date_gmt":"2018-11-26T12:46:44","guid":{"rendered":"https:\/\/www.agroenergyinstitute.com\/projects\/"},"modified":"2022-04-07T11:45:06","modified_gmt":"2022-04-07T11:45:06","slug":"projects","status":"publish","type":"page","link":"https:\/\/www.agroenergyinstitute.com\/en_gb\/projects\/","title":{"rendered":"Projects"},"content":{"rendered":"<div data-elementor-type=\"wp-post\" data-elementor-id=\"531\" class=\"elementor elementor-531\">\n\t\t\t\t\t\t\t\t\t<section class=\"elementor-section elementor-top-section elementor-element elementor-element-7d0b1fd elementor-section-content-middle elementor-section-boxed elementor-section-height-default elementor-section-height-default\" data-id=\"7d0b1fd\" data-element_type=\"section\" data-settings=\"{&quot;background_background&quot;:&quot;classic&quot;}\">\n\t\t\t\t\t\t\t<div class=\"elementor-background-overlay\"><\/div>\n\t\t\t\t\t\t\t<div class=\"elementor-container elementor-column-gap-no\">\n\t\t\t\t\t<div class=\"elementor-column elementor-col-100 elementor-top-column elementor-element elementor-element-2365ee4d\" data-id=\"2365ee4d\" data-element_type=\"column\">\n\t\t\t<div class=\"elementor-widget-wrap elementor-element-populated\">\n\t\t\t\t\t\t\t\t<div class=\"elementor-element elementor-element-3e363d46 elementor-widget elementor-widget-heading\" data-id=\"3e363d46\" data-element_type=\"widget\" data-widget_type=\"heading.default\">\n\t\t\t\t<div class=\"elementor-widget-container\">\n\t\t\t<style>\/*! elementor - v3.6.2 - 04-04-2022 *\/\n.elementor-heading-title{padding:0;margin:0;line-height:1}.elementor-widget-heading .elementor-heading-title[class*=elementor-size-]>a{color:inherit;font-size:inherit;line-height:inherit}.elementor-widget-heading .elementor-heading-title.elementor-size-small{font-size:15px}.elementor-widget-heading .elementor-heading-title.elementor-size-medium{font-size:19px}.elementor-widget-heading .elementor-heading-title.elementor-size-large{font-size:29px}.elementor-widget-heading .elementor-heading-title.elementor-size-xl{font-size:39px}.elementor-widget-heading .elementor-heading-title.elementor-size-xxl{font-size:59px}<\/style><h1 class=\"elementor-heading-title elementor-size-default\">Projects<\/h1>\t\t<\/div>\n\t\t\t\t<\/div>\n\t\t\t\t\t<\/div>\n\t\t<\/div>\n\t\t\t\t\t\t\t<\/div>\n\t\t<\/section>\n\t\t\t\t<section class=\"elementor-section elementor-top-section elementor-element elementor-element-695b2b0f elementor-section-content-top elementor-section-boxed elementor-section-height-default elementor-section-height-default\" data-id=\"695b2b0f\" data-element_type=\"section\" data-settings=\"{&quot;background_background&quot;:&quot;classic&quot;}\">\n\t\t\t\t\t\t<div class=\"elementor-container elementor-column-gap-no\">\n\t\t\t\t\t<div class=\"elementor-column elementor-col-50 elementor-top-column elementor-element elementor-element-43d414b9\" data-id=\"43d414b9\" data-element_type=\"column\">\n\t\t\t<div class=\"elementor-widget-wrap elementor-element-populated\">\n\t\t\t\t\t\t\t\t<div class=\"elementor-element elementor-element-2999a38a elementor-widget elementor-widget-image\" data-id=\"2999a38a\" data-element_type=\"widget\" data-widget_type=\"image.default\">\n\t\t\t\t<div class=\"elementor-widget-container\">\n\t\t\t<style>\/*! elementor - v3.6.2 - 04-04-2022 *\/\n.elementor-widget-image{text-align:center}.elementor-widget-image a{display:inline-block}.elementor-widget-image a img[src$=\".svg\"]{width:48px}.elementor-widget-image img{vertical-align:middle;display:inline-block}<\/style>\t\t\t\t\t\t\t\t\t\t\t\t<img width=\"1000\" height=\"667\" src=\"https:\/\/www.agroenergyinstitute.com\/wp-content\/uploads\/2022\/04\/sed2019_1.jpg\" class=\"attachment-full size-full\" alt=\"\" loading=\"lazy\" srcset=\"https:\/\/www.agroenergyinstitute.com\/wp-content\/uploads\/2022\/04\/sed2019_1.jpg 1000w, https:\/\/www.agroenergyinstitute.com\/wp-content\/uploads\/2022\/04\/sed2019_1-300x200.jpg 300w, https:\/\/www.agroenergyinstitute.com\/wp-content\/uploads\/2022\/04\/sed2019_1-768x512.jpg 768w\" sizes=\"(max-width: 1000px) 100vw, 1000px\" \/>\t\t\t\t\t\t\t\t\t\t\t\t\t\t\t<\/div>\n\t\t\t\t<\/div>\n\t\t\t\t<div class=\"elementor-element elementor-element-65a46ba6 elementor-widget elementor-widget-heading\" data-id=\"65a46ba6\" data-element_type=\"widget\" data-widget_type=\"heading.default\">\n\t\t\t\t<div class=\"elementor-widget-container\">\n\t\t\t<h4 class=\"elementor-heading-title elementor-size-default\">SED Summit <\/h4>\t\t<\/div>\n\t\t\t\t<\/div>\n\t\t\t\t<div class=\"elementor-element elementor-element-2922c6da elementor-widget elementor-widget-text-editor\" data-id=\"2922c6da\" data-element_type=\"widget\" data-widget_type=\"text-editor.default\">\n\t\t\t\t<div class=\"elementor-widget-container\">\n\t\t\t<style>\/*! elementor - v3.6.2 - 04-04-2022 *\/\n.elementor-widget-text-editor.elementor-drop-cap-view-stacked .elementor-drop-cap{background-color:#818a91;color:#fff}.elementor-widget-text-editor.elementor-drop-cap-view-framed .elementor-drop-cap{color:#818a91;border:3px solid;background-color:transparent}.elementor-widget-text-editor:not(.elementor-drop-cap-view-default) .elementor-drop-cap{margin-top:8px}.elementor-widget-text-editor:not(.elementor-drop-cap-view-default) .elementor-drop-cap-letter{width:1em;height:1em}.elementor-widget-text-editor .elementor-drop-cap{float:left;text-align:center;line-height:1;font-size:50px}.elementor-widget-text-editor .elementor-drop-cap-letter{display:inline-block}<\/style>\t\t\t\t<p><strong>SED<\/strong>\u00a0wants to bring together business leaders, policy makers, experts and scientists of a wide range of interests to discuss topics that shape and implement the energy transition. The world is rapidly developing like never before and the number of research and technological innovations is growing, creating opportunities for billions of people. All this growth necessarily requires energy. Due to justified demands for a reduced environmental footprint, energy should already be produced and delivered in new ways. Climate change is the greatest challenge of our time, which also provides us with the opportunity to design a new economic model alongside the energy transition that has already begun.<\/p>\t\t\t\t\t\t<\/div>\n\t\t\t\t<\/div>\n\t\t\t\t\t<\/div>\n\t\t<\/div>\n\t\t\t\t<div class=\"elementor-column elementor-col-50 elementor-top-column elementor-element elementor-element-479f1207\" data-id=\"479f1207\" data-element_type=\"column\">\n\t\t\t<div class=\"elementor-widget-wrap\">\n\t\t\t\t\t\t\t\t\t<\/div>\n\t\t<\/div>\n\t\t\t\t\t\t\t<\/div>\n\t\t<\/section>\n\t\t\t\t\t\t\t<\/div>","protected":false},"excerpt":{"rendered":"<p>Projekti SED Summit SED\u00a0\u017eeli okupiti, poslovne lidere, kreatore politika, stru\u010dnjake i znanstvenike \u0161irokog spektra interesa, kako bi raspravljali o temama koje oblikuju i provode energetsku tranziciju. Svijet se ubrzano razvija kao nikada do sada i raste broj istra\u017eivanja i tehnolo\u0161kih inovacija stvaraju\u0107i prilike za milijarde ljudi. Sav taj rast nu\u017eno zahtijeva i energiju. Zbog opravdanih &hellip;<\/p>\n<p class=\"read-more\"> <a class=\"\" href=\"https:\/\/www.agroenergyinstitute.com\/en_gb\/projects\/\"> <span class=\"screen-reader-text\">Projects<\/span> Read More &raquo;<\/a><\/p>","protected":false},"author":1,"featured_media":0,"parent":0,"menu_order":0,"comment_status":"closed","ping_status":"closed","template":"","meta":{"site-sidebar-layout":"no-sidebar","site-content-layout":"page-builder","ast-main-header-display":"","ast-hfb-above-header-display":"","ast-hfb-below-header-display":"","ast-hfb-mobile-header-display":"","site-post-title":"disabled","ast-breadcrumbs-content":"","ast-featured-img":"disabled","footer-sml-layout":"","theme-transparent-header-meta":"enabled","adv-header-id-meta":"","stick-header-meta":"","header-above-stick-meta":"","header-main-stick-meta":"","header-below-stick-meta":""},"_links":{"self":[{"href":"https:\/\/www.agroenergyinstitute.com\/en_gb\/wp-json\/wp\/v2\/pages\/531"}],"collection":[{"href":"https:\/\/www.agroenergyinstitute.com\/en_gb\/wp-json\/wp\/v2\/pages"}],"about":[{"href":"https:\/\/www.agroenergyinstitute.com\/en_gb\/wp-json\/wp\/v2\/types\/page"}],"author":[{"embeddable":true,"href":"https:\/\/www.agroenergyinstitute.com\/en_gb\/wp-json\/wp\/v2\/users\/1"}],"replies":[{"embeddable":true,"href":"https:\/\/www.agroenergyinstitute.com\/en_gb\/wp-json\/wp\/v2\/comments?post=531"}],"version-history":[{"count":11,"href":"https:\/\/www.agroenergyinstitute.com\/en_gb\/wp-json\/wp\/v2\/pages\/531\/revisions"}],"predecessor-version":[{"id":611,"href":"https:\/\/www.agroenergyinstitute.com\/en_gb\/wp-json\/wp\/v2\/pages\/531\/revisions\/611"}],"wp:attachment":[{"href":"https:\/\/www.agroenergyinstitute.com\/en_gb\/wp-json\/wp\/v2\/media?parent=531"}],"curies":[{"name":"wp","href":"https:\/\/api.w.org\/{rel}","templated":true}]}}